{"id":9282,"date":"2025-08-28T13:08:57","date_gmt":"2025-08-28T11:08:57","guid":{"rendered":"https:\/\/flexmont.hu\/cookie-policy-eu\/"},"modified":"2025-09-01T12:12:03","modified_gmt":"2025-09-01T10:12:03","slug":"cookie-policy-eu","status":"publish","type":"page","link":"https:\/\/flexmont.hu\/en\/cookie-policy-eu\/","title":{"rendered":"Cookie Policy (EU)"},"content":{"rendered":"<div data-elementor-type=\"wp-page\" data-elementor-id=\"9282\" class=\"elementor elementor-9282\">\n\t\t\t\t<div class=\"elementor-element elementor-element-1b173016 e-flex e-con-boxed e-con e-parent\" data-id=\"1b173016\" data-element_type=\"container\" data-e-type=\"container\">\n\t\t\t\t\t<div class=\"e-con-inner\">\n\t\t\t\t<div class=\"elementor-element elementor-element-394bb1db elementor-widget elementor-widget-heading\" data-id=\"394bb1db\" data-element_type=\"widget\" data-e-type=\"widget\" data-widget_type=\"heading.default\">\n\t\t\t\t<div class=\"elementor-widget-container\">\n\t\t\t\t\t<h1 class=\"elementor-heading-title elementor-size-default\">Cookie information<\/h1>\t\t\t\t<\/div>\n\t\t\t\t<\/div>\n\t\t\t\t\t<\/div>\n\t\t\t\t<\/div>\n\t\t<div class=\"elementor-element elementor-element-5bb5ce6a e-flex e-con-boxed e-con e-parent\" data-id=\"5bb5ce6a\" data-element_type=\"container\" data-e-type=\"container\" data-settings=\"{&quot;background_background&quot;:&quot;classic&quot;,&quot;shape_divider_bottom&quot;:&quot;opacity-tilt&quot;}\">\n\t\t\t\t\t<div class=\"e-con-inner\">\n\t\t\t\t<div class=\"elementor-shape elementor-shape-bottom\" aria-hidden=\"true\" data-negative=\"false\">\n\t\t\t<svg xmlns=\"http:\/\/www.w3.org\/2000\/svg\" viewbox=\"0 0 2600 131.1\" preserveaspectratio=\"none\">\n\t<path class=\"elementor-shape-fill\" d=\"M0 0L2600 0 2600 69.1 0 0z\"\/>\n\t<path class=\"elementor-shape-fill\" style=\"opacity:0.5\" d=\"M0 0L2600 0 2600 69.1 0 69.1z\"\/>\n\t<path class=\"elementor-shape-fill\" style=\"opacity:0.25\" d=\"M2600 0L0 0 0 130.1 2600 69.1z\"\/>\n<\/svg>\t\t<\/div>\n\t\t<div class=\"elementor-element elementor-element-59fc24c2 e-flex e-con-boxed e-con e-child\" data-id=\"59fc24c2\" data-element_type=\"container\" data-e-type=\"container\">\n\t\t\t\t\t<div class=\"e-con-inner\">\n\t\t\t\t<div class=\"elementor-element elementor-element-16c06817 elementor-widget elementor-widget-text-editor\" data-id=\"16c06817\" data-element_type=\"widget\" data-e-type=\"widget\" data-widget_type=\"text-editor.default\">\n\t\t\t\t<div class=\"elementor-widget-container\">\n\t\t\t\t\t\t\t\t\t<p>This Cookie Policy was last updated on <strong>2025.08.28.<\/strong>and applies to users living in Hungary, the European Economic Area and Switzerland.<\/p><ol><li>Introduction<\/li><\/ol><p>https:\/\/flexmont.hu (hereinafter: \u201cwebsite\u201d) uses cookies and other related technologies (hereinafter collectively: \u201ccookies\u201d). Cookies may also be placed by third parties through the site. Below we provide information about the use of cookies.<\/p><ol start=\"2\"><li>What are cookies?<\/li><\/ol><p>A cookie is a small file that a website sends to your computer browser and is stored on your or another device. Cookies contain information that the website provider or third parties can read back during a subsequent visit.<\/p><ol start=\"3\"><li>What are scripts?<\/li><\/ol><p>Scripts are codes that ensure the proper functioning and interactive website functions. They can be run on our server or in your browser.<\/p><ol start=\"4\"><li>What are web beacons?<\/li><\/ol><p>A web beacon (also known as a pixel tag) is a small, invisible text or image on a website that is used to measure traffic.<\/p><ol start=\"5\"><li>What cookies do we use?<\/li><\/ol><p>5.1 Functional cookies<\/p><p>These cookies are essential for the website to function. For example, they remember your settings or perform security functions. There is no additional charge for these.<\/p><p>5.2 Social media and external services<\/p><p>Our website uses external services to map content and access social media:<\/p><p><strong>Google Fonts<\/strong> \u2013 font map,<\/p><p><strong>Google Maps<\/strong> \u2013 map,<\/p><p><strong>YouTube<\/strong> \u2013 play embedded videos,<\/p><p><strong>Instagram (social icon) <\/strong>\u2013 connection to social media.<\/p><p><strong>Linkedin (social icon) <\/strong>\u2013 connection to social media.<\/p><p><strong>Facebook (social icon) <\/strong>\u2013 connection to social media.<\/p><p>These services may place cookies and collect data about usage. The collected data is processed in accordance with the data protection regulations of the respective service providers.<\/p><p>Cookies placed<\/p><p><strong>Elementor <\/strong>\u2013 statistical, anonymous usage data for the website editor.<\/p><p><strong>WordPress <\/strong>\u2013 functional cookies (retention of logged in status).<\/p><p><strong>Wordfence<\/strong> \u2013 security cookies.<\/p><p><strong>Google Fonts <\/strong>\u2013 font map.<\/p><p><strong>Google Maps<\/strong> \u2013 map.<\/p><p><strong>YouTube<\/strong> \u2013 video playback.<\/p><ol start=\"6\"><li>Consent<\/li><\/ol><p>When you visit the website for the first time, a cookie management window will appear. By pressing the \u201cI accept\u201d button, you are offered to use the cookies described above. You can withdraw your consent at any time via your browser settings.<\/p><ol start=\"7\"><li>Managing and deleting cookies<\/li><\/ol><p>You can delete or disable cookies in your browser at any time. Please note that if you block all cookies, certain functions of the website may not work properly.<\/p><ol start=\"8\"><li>User rights<\/li><\/ol><p>You have the following rights in relation to data processing:<\/p><p>request for information,<\/p><p>access to data,<\/p><p>correction, deletion, restriction,<\/p><p>objection to data processing,<\/p><p>withdrawal.<\/p><p>If you have any questions or requests, please contact us at the following contact details.<\/p><ol start=\"9\"><li>Contact details:<\/li><\/ol><p><strong>Flexmont Ltd.<\/strong><\/p><p>8200 5. L\u0151por blvd. Veszpr\u00e9m<\/p><p>E-mail: flexmont@flexmont.hu<\/p><p>Phone: +36 88 577\u00a0977<\/p><p>Website: https:\/\/flemxont.hu<\/p>\t\t\t\t\t\t\t\t<\/div>\n\t\t\t\t<\/div>\n\t\t\t\t\t<\/div>\n\t\t\t\t<\/div>\n\t\t\t\t\t<\/div>\n\t\t\t\t<\/div>\n\t\t<div class=\"elementor-element elementor-element-2d72e204 e-flex e-con-boxed e-con e-parent\" data-id=\"2d72e204\" data-element_type=\"container\" data-e-type=\"container\" data-settings=\"{&quot;background_background&quot;:&quot;classic&quot;}\">\n\t\t\t\t\t<div class=\"e-con-inner\">\n\t\t<div class=\"elementor-element elementor-element-40c7db5 e-con-full e-flex e-con e-child\" data-id=\"40c7db5\" data-element_type=\"container\" data-e-type=\"container\">\n\t\t<div class=\"elementor-element elementor-element-5fc8c9e5 e-con-full e-flex e-con e-child\" data-id=\"5fc8c9e5\" data-element_type=\"container\" data-e-type=\"container\">\n\t\t\t\t<div class=\"elementor-element elementor-element-49a79b55 elementor-widget elementor-widget-text-editor\" data-id=\"49a79b55\" data-element_type=\"widget\" data-e-type=\"widget\" data-widget_type=\"text-editor.default\">\n\t\t\t\t<div class=\"elementor-widget-container\">\n\t\t\t\t\t\t\t\t\t<p class=\"p1\"><a href=\"https:\/\/flexmont.hu\/en\/automata-gyartosorok\/\">Automation<\/a><\/p>\t\t\t\t\t\t\t\t<\/div>\n\t\t\t\t<\/div>\n\t\t\t\t<div class=\"elementor-element elementor-element-7c8a2ab2 elementor-widget elementor-widget-text-editor\" data-id=\"7c8a2ab2\" data-element_type=\"widget\" data-e-type=\"widget\" data-widget_type=\"text-editor.default\">\n\t\t\t\t<div class=\"elementor-widget-container\">\n\t\t\t\t\t\t\t\t\t<p><a href=\"https:\/\/flexmont.hu\/en\/#termekek\">Products<\/a><\/p>\t\t\t\t\t\t\t\t<\/div>\n\t\t\t\t<\/div>\n\t\t\t\t<div class=\"elementor-element elementor-element-25a1153c elementor-widget elementor-widget-text-editor\" data-id=\"25a1153c\" data-element_type=\"widget\" data-e-type=\"widget\" data-widget_type=\"text-editor.default\">\n\t\t\t\t<div class=\"elementor-widget-container\">\n\t\t\t\t\t\t\t\t\t<p><a href=\"https:\/\/flexmont.hu\/en\/#markakepviseletek\">Representation<\/a><\/p>\t\t\t\t\t\t\t\t<\/div>\n\t\t\t\t<\/div>\n\t\t\t\t<div class=\"elementor-element elementor-element-1bc54cec elementor-widget elementor-widget-text-editor\" data-id=\"1bc54cec\" data-element_type=\"widget\" data-e-type=\"widget\" data-widget_type=\"text-editor.default\">\n\t\t\t\t<div class=\"elementor-widget-container\">\n\t\t\t\t\t\t\t\t\t<p><a href=\"https:\/\/flexmont.hu\/en\/#szolgaltatasok\">Services<\/a><\/p>\t\t\t\t\t\t\t\t<\/div>\n\t\t\t\t<\/div>\n\t\t\t\t<\/div>\n\t\t<div class=\"elementor-element elementor-element-432824fd e-con-full e-flex e-con e-child\" data-id=\"432824fd\" data-element_type=\"container\" data-e-type=\"container\">\n\t\t\t\t<div class=\"elementor-element elementor-element-5c706006 elementor-widget elementor-widget-text-editor\" data-id=\"5c706006\" data-element_type=\"widget\" data-e-type=\"widget\" data-widget_type=\"text-editor.default\">\n\t\t\t\t<div class=\"elementor-widget-container\">\n\t\t\t\t\t\t\t\t\t<p><a href=\"https:\/\/flexmont.hu\/en\/rolunk\/#cegunkrol\">Company<\/a><\/p>\t\t\t\t\t\t\t\t<\/div>\n\t\t\t\t<\/div>\n\t\t\t\t<div class=\"elementor-element elementor-element-7a942821 elementor-widget elementor-widget-text-editor\" data-id=\"7a942821\" data-element_type=\"widget\" data-e-type=\"widget\" data-widget_type=\"text-editor.default\">\n\t\t\t\t<div class=\"elementor-widget-container\">\n\t\t\t\t\t\t\t\t\t<p><a href=\"https:\/\/flexmont.hu\/en\/hirek\/\">News<\/a><\/p>\t\t\t\t\t\t\t\t<\/div>\n\t\t\t\t<\/div>\n\t\t\t\t<div class=\"elementor-element elementor-element-3b19ba37 elementor-widget elementor-widget-text-editor\" data-id=\"3b19ba37\" data-element_type=\"widget\" data-e-type=\"widget\" data-widget_type=\"text-editor.default\">\n\t\t\t\t<div class=\"elementor-widget-container\">\n\t\t\t\t\t\t\t\t\t<p><a href=\"https:\/\/flexmont.hu\/en\/karrier\/\">Career<\/a><\/p>\t\t\t\t\t\t\t\t<\/div>\n\t\t\t\t<\/div>\n\t\t\t\t<div class=\"elementor-element elementor-element-53db6884 elementor-widget elementor-widget-text-editor\" data-id=\"53db6884\" data-element_type=\"widget\" data-e-type=\"widget\" data-widget_type=\"text-editor.default\">\n\t\t\t\t<div class=\"elementor-widget-container\">\n\t\t\t\t\t\t\t\t\t<p><a href=\"https:\/\/flexmont.hu\/en\/kapcsolat\/\">Contact<\/a><\/p>\t\t\t\t\t\t\t\t<\/div>\n\t\t\t\t<\/div>\n\t\t\t\t<\/div>\n\t\t<div class=\"elementor-element elementor-element-3d1a12dd e-con-full e-flex e-con e-child\" data-id=\"3d1a12dd\" data-element_type=\"container\" data-e-type=\"container\">\n\t\t\t\t<div class=\"elementor-element elementor-element-528330cd elementor-widget elementor-widget-text-editor\" data-id=\"528330cd\" data-element_type=\"widget\" data-e-type=\"widget\" data-widget_type=\"text-editor.default\">\n\t\t\t\t<div class=\"elementor-widget-container\">\n\t\t\t\t\t\t\t\t\t<p><a href=\"https:\/\/flexmont.hu\/en\/rolunk\/#tanusitvanyok\">Certificates<\/a><\/p>\t\t\t\t\t\t\t\t<\/div>\n\t\t\t\t<\/div>\n\t\t\t\t<div class=\"elementor-element elementor-element-2f744b04 elementor-widget elementor-widget-text-editor\" data-id=\"2f744b04\" data-element_type=\"widget\" data-e-type=\"widget\" data-widget_type=\"text-editor.default\">\n\t\t\t\t<div class=\"elementor-widget-container\">\n\t\t\t\t\t\t\t\t\t<p><a href=\"https:\/\/flexmont.hu\/en\/rolunk\/#dokumentumok\" data-wplink-edit=\"true\"><span style=\"text-align: var(--text-align);\">Documents<\/span><\/a><\/p>\t\t\t\t\t\t\t\t<\/div>\n\t\t\t\t<\/div>\n\t\t\t\t<div class=\"elementor-element elementor-element-426839e elementor-widget elementor-widget-text-editor\" data-id=\"426839e\" data-element_type=\"widget\" data-e-type=\"widget\" data-widget_type=\"text-editor.default\">\n\t\t\t\t<div class=\"elementor-widget-container\">\n\t\t\t\t\t\t\t\t\t<p><a href=\"https:\/\/flexmont.hu\/en\/rolunk\/#cegadatok\">Company data<\/a><\/p>\t\t\t\t\t\t\t\t<\/div>\n\t\t\t\t<\/div>\n\t\t\t\t<div class=\"elementor-element elementor-element-6ccba156 elementor-widget elementor-widget-text-editor\" data-id=\"6ccba156\" data-element_type=\"widget\" data-e-type=\"widget\" data-widget_type=\"text-editor.default\">\n\t\t\t\t<div class=\"elementor-widget-container\">\n\t\t\t\t\t\t\t\t\t<p><a href=\"https:\/\/flexmont.hu\/en\/rolunk\/#cegadatok\">Data management<\/a><\/p>\t\t\t\t\t\t\t\t<\/div>\n\t\t\t\t<\/div>\n\t\t\t\t<\/div>\n\t\t<div class=\"elementor-element elementor-element-79c83454 e-con-full e-flex e-con e-child\" data-id=\"79c83454\" data-element_type=\"container\" data-e-type=\"container\">\n\t\t\t\t<div class=\"elementor-element elementor-element-14975a72 elementor-widget elementor-widget-image\" data-id=\"14975a72\" data-element_type=\"widget\" data-e-type=\"widget\" data-widget_type=\"image.default\">\n\t\t\t\t<div class=\"elementor-widget-container\">\n\t\t\t\t\t\t\t\t\t\t\t\t\t\t\t\t<a href=\"https:\/\/flexmont.hu\/en\/\">\n\t\t\t\t\t\t\t<img loading=\"lazy\" decoding=\"async\" width=\"500\" height=\"80\" src=\"https:\/\/flexmont.hu\/wp-content\/uploads\/2024\/11\/logo-webreopt_2.jpg\" class=\"attachment-full size-full wp-image-313\" alt=\"\" srcset=\"https:\/\/flexmont.hu\/wp-content\/uploads\/2024\/11\/logo-webreopt_2.jpg 500w, https:\/\/flexmont.hu\/wp-content\/uploads\/2024\/11\/logo-webreopt_2-300x48.jpg 300w\" sizes=\"auto, (max-width: 500px) 100vw, 500px\" \/>\t\t\t\t\t\t\t\t<\/a>\n\t\t\t\t\t\t\t\t\t\t\t\t\t\t\t<\/div>\n\t\t\t\t<\/div>\n\t\t<div class=\"elementor-element elementor-element-7635180b e-con-full e-flex e-con e-child\" data-id=\"7635180b\" data-element_type=\"container\" data-e-type=\"container\">\n\t\t\t\t<div class=\"elementor-element elementor-element-1d2c86fe elementor-view-default elementor-widget elementor-widget-icon\" data-id=\"1d2c86fe\" data-element_type=\"widget\" data-e-type=\"widget\" data-widget_type=\"icon.default\">\n\t\t\t\t<div class=\"elementor-widget-container\">\n\t\t\t\t\t\t\t<div class=\"elementor-icon-wrapper\">\n\t\t\t<a class=\"elementor-icon\" href=\"https:\/\/www.facebook.com\/flexmontHU\" target=\"_blank\" rel=\"noopener\">\n\t\t\t<svg aria-hidden=\"true\" class=\"e-font-icon-svg e-fab-facebook\" viewbox=\"0 0 512 512\" xmlns=\"http:\/\/www.w3.org\/2000\/svg\"><path d=\"M504 256C504 119 393 8 256 8S8 119 8 256c0 123.78 90.69 226.38 209.25 245V327.69h-63V256h63v-54.64c0-62.15 37-96.48 93.67-96.48 27.14 0 55.52 4.84 55.52 4.84v61h-31.28c-30.8 0-40.41 19.12-40.41 38.73V256h68.78l-11 71.69h-57.78V501C413.31 482.38 504 379.78 504 256z\"><\/path><\/svg>\t\t\t<\/a>\n\t\t<\/div>\n\t\t\t\t\t\t<\/div>\n\t\t\t\t<\/div>\n\t\t\t\t<div class=\"elementor-element elementor-element-35d3d0f6 elementor-view-default elementor-widget elementor-widget-icon\" data-id=\"35d3d0f6\" data-element_type=\"widget\" data-e-type=\"widget\" data-widget_type=\"icon.default\">\n\t\t\t\t<div class=\"elementor-widget-container\">\n\t\t\t\t\t\t\t<div class=\"elementor-icon-wrapper\">\n\t\t\t<a class=\"elementor-icon\" href=\"https:\/\/www.linkedin.com\/company\/flexmont-kft\/posts\/?feedView=all\" target=\"_blank\" rel=\"noopener\">\n\t\t\t<svg aria-hidden=\"true\" class=\"e-font-icon-svg e-fab-linkedin\" viewbox=\"0 0 448 512\" xmlns=\"http:\/\/www.w3.org\/2000\/svg\"><path d=\"M416 32H31.9C14.3 32 0 46.5 0 64.3v383.4C0 465.5 14.3 480 31.9 480H416c17.6 0 32-14.5 32-32.3V64.3c0-17.8-14.4-32.3-32-32.3zM135.4 416H69V202.2h66.5V416zm-33.2-243c-21.3 0-38.5-17.3-38.5-38.5S80.9 96 102.2 96c21.2 0 38.5 17.3 38.5 38.5 0 21.3-17.2 38.5-38.5 38.5zm282.1 243h-66.4V312c0-24.8-.5-56.7-34.5-56.7-34.6 0-39.9 27-39.9 54.9V416h-66.4V202.2h63.7v29.2h.9c8.9-16.8 30.6-34.5 62.9-34.5 67.2 0 79.7 44.3 79.7 101.9V416z\"><\/path><\/svg>\t\t\t<\/a>\n\t\t<\/div>\n\t\t\t\t\t\t<\/div>\n\t\t\t\t<\/div>\n\t\t\t\t<div class=\"elementor-element elementor-element-4f0b8c0b elementor-view-default elementor-widget elementor-widget-icon\" data-id=\"4f0b8c0b\" data-element_type=\"widget\" data-e-type=\"widget\" data-widget_type=\"icon.default\">\n\t\t\t\t<div class=\"elementor-widget-container\">\n\t\t\t\t\t\t\t<div class=\"elementor-icon-wrapper\">\n\t\t\t<a class=\"elementor-icon\" href=\"https:\/\/www.instagram.com\/flexmont_kft\/\" target=\"_blank\" rel=\"noopener\">\n\t\t\t<svg aria-hidden=\"true\" class=\"e-font-icon-svg e-fab-instagram\" viewbox=\"0 0 448 512\" xmlns=\"http:\/\/www.w3.org\/2000\/svg\"><path d=\"M224.1 141c-63.6 0-114.9 51.3-114.9 114.9s51.3 114.9 114.9 114.9S339 319.5 339 255.9 287.7 141 224.1 141zm0 189.6c-41.1 0-74.7-33.5-74.7-74.7s33.5-74.7 74.7-74.7 74.7 33.5 74.7 74.7-33.6 74.7-74.7 74.7zm146.4-194.3c0 14.9-12 26.8-26.8 26.8-14.9 0-26.8-12-26.8-26.8s12-26.8 26.8-26.8 26.8 12 26.8 26.8zm76.1 27.2c-1.7-35.9-9.9-67.7-36.2-93.9-26.2-26.2-58-34.4-93.9-36.2-37-2.1-147.9-2.1-184.9 0-35.8 1.7-67.6 9.9-93.9 36.1s-34.4 58-36.2 93.9c-2.1 37-2.1 147.9 0 184.9 1.7 35.9 9.9 67.7 36.2 93.9s58 34.4 93.9 36.2c37 2.1 147.9 2.1 184.9 0 35.9-1.7 67.7-9.9 93.9-36.2 26.2-26.2 34.4-58 36.2-93.9 2.1-37 2.1-147.8 0-184.8zM398.8 388c-7.8 19.6-22.9 34.7-42.6 42.6-29.5 11.7-99.5 9-132.1 9s-102.7 2.6-132.1-9c-19.6-7.8-34.7-22.9-42.6-42.6-11.7-29.5-9-99.5-9-132.1s-2.6-102.7 9-132.1c7.8-19.6 22.9-34.7 42.6-42.6 29.5-11.7 99.5-9 132.1-9s102.7-2.6 132.1 9c19.6 7.8 34.7 22.9 42.6 42.6 11.7 29.5 9 99.5 9 132.1s2.7 102.7-9 132.1z\"><\/path><\/svg>\t\t\t<\/a>\n\t\t<\/div>\n\t\t\t\t\t\t<\/div>\n\t\t\t\t<\/div>\n\t\t\t\t<div class=\"elementor-element elementor-element-5db0964 elementor-view-default elementor-widget elementor-widget-icon\" data-id=\"5db0964\" data-element_type=\"widget\" data-e-type=\"widget\" data-widget_type=\"icon.default\">\n\t\t\t\t<div class=\"elementor-widget-container\">\n\t\t\t\t\t\t\t<div class=\"elementor-icon-wrapper\">\n\t\t\t<a class=\"elementor-icon\" href=\"https:\/\/www.youtube.com\/@flexmontkft3016\/videos\" target=\"_blank\" rel=\"noopener\">\n\t\t\t<svg aria-hidden=\"true\" class=\"e-font-icon-svg e-fab-youtube\" viewbox=\"0 0 576 512\" xmlns=\"http:\/\/www.w3.org\/2000\/svg\"><path d=\"M549.655 124.083c-6.281-23.65-24.787-42.276-48.284-48.597C458.781 64 288 64 288 64S117.22 64 74.629 75.486c-23.497 6.322-42.003 24.947-48.284 48.597-11.412 42.867-11.412 132.305-11.412 132.305s0 89.438 11.412 132.305c6.281 23.65 24.787 41.5 48.284 47.821C117.22 448 288 448 288 448s170.78 0 213.371-11.486c23.497-6.321 42.003-24.171 48.284-47.821 11.412-42.867 11.412-132.305 11.412-132.305s0-89.438-11.412-132.305zm-317.51 213.508V175.185l142.739 81.205-142.739 81.201z\"><\/path><\/svg>\t\t\t<\/a>\n\t\t<\/div>\n\t\t\t\t\t\t<\/div>\n\t\t\t\t<\/div>\n\t\t\t\t<div class=\"elementor-element elementor-element-497a995b elementor-view-default elementor-widget elementor-widget-icon\" data-id=\"497a995b\" data-element_type=\"widget\" data-e-type=\"widget\" data-widget_type=\"icon.default\">\n\t\t\t\t<div class=\"elementor-widget-container\">\n\t\t\t\t\t\t\t<div class=\"elementor-icon-wrapper\">\n\t\t\t<a class=\"elementor-icon\" href=\"https:\/\/www.google.com\/maps\/place\/Flexmont+Kft.\/@47.1184454,17.8722238,17z\/data=!3m1!4b1!4m5!3m4!1s0x47699b0ee0ce25df:0xf88f465929373f25!8m2!3d47.1184454!4d17.8744125\" target=\"_blank\" rel=\"noopener\">\n\t\t\t<svg aria-hidden=\"true\" class=\"e-font-icon-svg e-fas-map-marker-alt\" viewbox=\"0 0 384 512\" xmlns=\"http:\/\/www.w3.org\/2000\/svg\"><path d=\"M172.268 501.67C26.97 291.031 0 269.413 0 192 0 85.961 85.961 0 192 0s192 85.961 192 192c0 77.413-26.97 99.031-172.268 309.67-9.535 13.774-29.93 13.773-39.464 0zM192 272c44.183 0 80-35.817 80-80s-35.817-80-80-80-80 35.817-80 80 35.817 80 80 80z\"><\/path><\/svg>\t\t\t<\/a>\n\t\t<\/div>\n\t\t\t\t\t\t<\/div>\n\t\t\t\t<\/div>\n\t\t\t\t<\/div>\n\t\t\t\t<div class=\"elementor-element elementor-element-70d82224 elementor-widget elementor-widget-text-editor\" data-id=\"70d82224\" data-element_type=\"widget\" data-e-type=\"widget\" data-widget_type=\"text-editor.default\">\n\t\t\t\t<div class=\"elementor-widget-container\">\n\t\t\t\t\t\t\t\t\t<p>2025.<\/p>\t\t\t\t\t\t\t\t<\/div>\n\t\t\t\t<\/div>\n\t\t\t\t<\/div>\n\t\t\t\t<\/div>\n\t\t\t\t\t<\/div>\n\t\t\t\t<\/div>\n\t\t\t\t<\/div>","protected":false},"excerpt":{"rendered":"<p>S\u00fcti t\u00e1j\u00e9koztat\u00f3 Ez a Cookie Szab\u00e1lyzat utolj\u00e1ra friss\u00fclt: 2025.08.28., \u00e9s a Magyarorsz\u00e1gon, valamint az Eur\u00f3pai Gazdas\u00e1gi T\u00e9rs\u00e9gben \u00e9s Sv\u00e1jcban \u00e9l\u0151 felhaszn\u00e1l\u00f3kra vonatkozik. Bevezet\u00e9s A https:\/\/flexmont.hu (a tov\u00e1bbiakban: \u201eweboldal\u201d) s\u00fctiket \u00e9s egy\u00e9b kapcsol\u00f3d\u00f3 technol\u00f3gi\u00e1kat haszn\u00e1l (a tov\u00e1bbiakban egy\u00fctt: \u201es\u00fctik\u201d). S\u00fctiket harmadik felek is elhelyezhetnek az oldalon kereszt\u00fcl. Az al\u00e1bbiakban t\u00e1j\u00e9koztat\u00e1st adunk a s\u00fctik haszn\u00e1lat\u00e1r\u00f3l. Mik azok [&hellip;]<\/p>\n","protected":false},"author":1,"featured_media":0,"parent":0,"menu_order":0,"comment_status":"closed","ping_status":"closed","template":"","meta":{"footnotes":""},"class_list":["post-9282","page","type-page","status-publish","hentry"],"_links":{"self":[{"href":"https:\/\/flexmont.hu\/en\/wp-json\/wp\/v2\/pages\/9282","targetHints":{"allow":["GET"]}}],"collection":[{"href":"https:\/\/flexmont.hu\/en\/wp-json\/wp\/v2\/pages"}],"about":[{"href":"https:\/\/flexmont.hu\/en\/wp-json\/wp\/v2\/types\/page"}],"author":[{"embeddable":true,"href":"https:\/\/flexmont.hu\/en\/wp-json\/wp\/v2\/users\/1"}],"replies":[{"embeddable":true,"href":"https:\/\/flexmont.hu\/en\/wp-json\/wp\/v2\/comments?post=9282"}],"version-history":[{"count":42,"href":"https:\/\/flexmont.hu\/en\/wp-json\/wp\/v2\/pages\/9282\/revisions"}],"predecessor-version":[{"id":9354,"href":"https:\/\/flexmont.hu\/en\/wp-json\/wp\/v2\/pages\/9282\/revisions\/9354"}],"wp:attachment":[{"href":"https:\/\/flexmont.hu\/en\/wp-json\/wp\/v2\/media?parent=9282"}],"curies":[{"name":"wp","href":"https:\/\/api.w.org\/{rel}","templated":true}]}}